{"id":232775,"date":"2024-10-03T13:46:51","date_gmt":"2024-10-03T11:46:51","guid":{"rendered":"https:\/\/joonam.eu\/index.php\/a-propos\/"},"modified":"2025-02-13T17:32:05","modified_gmt":"2025-02-13T16:32:05","slug":"a-propos","status":"publish","type":"page","link":"https:\/\/joonam.eu\/fr\/index.php\/a-propos\/","title":{"rendered":"A PROPOS"},"content":{"rendered":"<p>[et_pb_section fb_built=\u00a0\u00bb1&Prime; use_custom_gutter=\u00a0\u00bbon\u00a0\u00bb specialty=\u00a0\u00bbon\u00a0\u00bb use_background_color_gradient_1=\u00a0\u00bboff\u00a0\u00bb use_background_color_gradient_2=\u00a0\u00bboff\u00a0\u00bb padding_top_1=\u00a0\u00bb0px\u00a0\u00bb padding_top_2=\u00a0\u00bb80px\u00a0\u00bb padding_right_2=\u00a0\u00bb10%\u00a0\u00bb padding_bottom_2=\u00a0\u00bb0px\u00a0\u00bb padding_2_tablet=\u00a0\u00bb0px|||10%\u00a0\u00bb padding_2_phone=\u00a0\u00bb|||\u00a0\u00bb padding_2_last_edited=\u00a0\u00bbon|tablet\u00a0\u00bb admin_label=\u00a0\u00bbAbout Section\u00a0\u00bb module_id=\u00a0\u00bbabout\u00a0\u00bb _builder_version=\u00a0\u00bb4.16.0&Prime; inner_width=\u00a0\u00bb100%\u00a0\u00bb inner_max_width=\u00a0\u00bb100%\u00a0\u00bb custom_margin=\u00a0\u00bb0px||||false|false\u00a0\u00bb custom_margin_tablet=\u00a0\u00bb80px|80px|80px|80px\u00a0\u00bb custom_margin_last_edited=\u00a0\u00bboff|desktop\u00a0\u00bb custom_padding=\u00a0\u00bb40px|0px|0px|0px||\u00a0\u00bb animation_style=\u00a0\u00bbslide\u00a0\u00bb animation_direction=\u00a0\u00bbleft\u00a0\u00bb animation_intensity_slide=\u00a0\u00bb1%\u00a0\u00bb background_last_edited=\u00a0\u00bbon|phone\u00a0\u00bb use_background_color_gradient_tablet=\u00a0\u00bboff\u00a0\u00bb use_background_color_gradient_phone=\u00a0\u00bboff\u00a0\u00bb use_custom_width=\u00a0\u00bbon\u00a0\u00bb width_unit=\u00a0\u00bboff\u00a0\u00bb custom_width_percent=\u00a0\u00bb100%\u00a0\u00bb locked=\u00a0\u00bboff\u00a0\u00bb global_colors_info=\u00a0\u00bb{}\u00a0\u00bb background_color_2__hover_enabled=\u00a0\u00bbon|desktop\u00a0\u00bb background_color_1__hover_enabled=\u00a0\u00bbon|desktop\u00a0\u00bb][et_pb_column type=\u00a0\u00bb1_3&Prime; _builder_version=\u00a0\u00bb4.16&Prime; custom_padding=\u00a0\u00bb|||\u00a0\u00bb global_colors_info=\u00a0\u00bb{}\u00a0\u00bb custom_padding__hover=\u00a0\u00bb|||\u00a0\u00bb][et_pb_image src=\u00a0\u00bbhttp:\/\/joonamp.cluster027.hosting.ovh.net\/wp-content\/uploads\/2024\/10\/AI-Virtuel-800&#215;480-1.jpg\u00a0\u00bb title_text=\u00a0\u00bbAI-Virtuel-800&#215;480&Prime; force_fullwidth=\u00a0\u00bbon\u00a0\u00bb align_tablet=\u00a0\u00bbcenter\u00a0\u00bb align_phone=\u00a0\u00bb\u00a0\u00bb align_last_edited=\u00a0\u00bbon|desktop\u00a0\u00bb _builder_version=\u00a0\u00bb4.16&Prime; custom_margin=\u00a0\u00bb|||\u00a0\u00bb custom_margin_tablet=\u00a0\u00bb|60px||60px\u00a0\u00bb custom_margin_phone=\u00a0\u00bb40px||||false|false\u00a0\u00bb custom_margin_last_edited=\u00a0\u00bbon|phone\u00a0\u00bb custom_padding=\u00a0\u00bb|||8px|false|false\u00a0\u00bb border_radii=\u00a0\u00bbon|8px|8px|8px|8px\u00a0\u00bb box_shadow_style=\u00a0\u00bbpreset3&Prime; box_shadow_horizontal=\u00a0\u00bb40px\u00a0\u00bb box_shadow_vertical=\u00a0\u00bb40px\u00a0\u00bb box_shadow_blur=\u00a0\u00bb120px\u00a0\u00bb box_shadow_spread=\u00a0\u00bb-24px\u00a0\u00bb box_shadow_color=\u00a0\u00bbrgba(67,96,124,0.5)\u00a0\u00bb global_colors_info=\u00a0\u00bb{}\u00a0\u00bb][\/et_pb_image][\/et_pb_column][et_pb_column type=\u00a0\u00bb2_3&Prime; specialty_columns=\u00a0\u00bb2&Prime; _builder_version=\u00a0\u00bb4.16&Prime; custom_padding=\u00a0\u00bb|||\u00a0\u00bb global_colors_info=\u00a0\u00bb{}\u00a0\u00bb custom_padding__hover=\u00a0\u00bb|||\u00a0\u00bb][et_pb_row_inner _builder_version=\u00a0\u00bb4.16&Prime; max_width=\u00a0\u00bb800px\u00a0\u00bb custom_margin=\u00a0\u00bb|||\u00a0\u00bb custom_padding=\u00a0\u00bb0px||0px|||\u00a0\u00bb locked=\u00a0\u00bboff\u00a0\u00bb global_colors_info=\u00a0\u00bb{}\u00a0\u00bb][et_pb_column_inner saved_specialty_column_type=\u00a0\u00bb2_3&Prime; _builder_version=\u00a0\u00bb4.16&Prime; _module_preset=\u00a0\u00bbdefault\u00a0\u00bb global_colors_info=\u00a0\u00bb{}\u00a0\u00bb][et_pb_text admin_label=\u00a0\u00bbTitle\u00a0\u00bb _builder_version=\u00a0\u00bb4.16&Prime; text_font=\u00a0\u00bb||||||||\u00a0\u00bb header_font=\u00a0\u00bb||||||||\u00a0\u00bb header_2_font=\u00a0\u00bbMontserrat||||||||\u00a0\u00bb header_2_font_size=\u00a0\u00bb40px\u00a0\u00bb header_2_line_height=\u00a0\u00bb1.5em\u00a0\u00bb custom_margin=\u00a0\u00bb|||\u00a0\u00bb custom_padding=\u00a0\u00bb|||\u00a0\u00bb header_2_font_size_tablet=\u00a0\u00bb35px\u00a0\u00bb header_2_font_size_phone=\u00a0\u00bb35px\u00a0\u00bb header_2_font_size_last_edited=\u00a0\u00bbon|phone\u00a0\u00bb header_2_line_height_tablet=\u00a0\u00bb1em\u00a0\u00bb header_2_line_height_phone=\u00a0\u00bb1.4em\u00a0\u00bb header_2_line_height_last_edited=\u00a0\u00bboff|desktop\u00a0\u00bb global_colors_info=\u00a0\u00bb{}\u00a0\u00bb]<\/p>\n<h2>Start-up, jardin digital et philanthropie<\/h2>\n<p>[\/et_pb_text][et_pb_text admin_label=\u00a0\u00bbParagraph\u00a0\u00bb _builder_version=\u00a0\u00bb4.16.0&Prime; text_font=\u00a0\u00bbMontserrat||||||||\u00a0\u00bb text_font_size=\u00a0\u00bb15px\u00a0\u00bb text_line_height=\u00a0\u00bb2.2em\u00a0\u00bb header_font=\u00a0\u00bb||||||||\u00a0\u00bb custom_margin=\u00a0\u00bb|||\u00a0\u00bb text_font_size_tablet=\u00a0\u00bb\u00a0\u00bb text_font_size_phone=\u00a0\u00bb14px\u00a0\u00bb text_font_size_last_edited=\u00a0\u00bbon|phone\u00a0\u00bb text_orientation_tablet=\u00a0\u00bb\u00a0\u00bb text_orientation_phone=\u00a0\u00bbjustified\u00a0\u00bb text_orientation_last_edited=\u00a0\u00bbon|phone\u00a0\u00bb global_colors_info=\u00a0\u00bb{}\u00a0\u00bb]<\/p>\n<p><span style=\"font-size: 15px;\"><strong>Joonam.ai<\/strong><\/span><strong><span style=\"font-size: 15px;\"> est un groupe de start-ups \u00e9tablies \u00e0 Paris et \u00e0 Lisbonne.<\/span><\/strong><\/p>\n<p><strong>Nous avons \u00e9t\u00e9 cr\u00e9\u00e9s par une petite \u00e9quipe de pharmaciens, de professionnels de la sant\u00e9 et d&rsquo;experts en IA, et nous oeuvrons \u00e0 une approche interdisciplinaire de l&rsquo;IA qui rassemble divers domaines d&rsquo;int\u00e9r\u00eat et de recherche.<\/strong><\/p>\n<p><span><strong>Joonam.ai <\/strong>est \u00e0 la fois une start-up, un jardin digital et une entreprise philanthropique qui promeut une approche pragmatique du bien-\u00eatre, de l&rsquo;autom\u00e9dication et de l&rsquo;e-sant\u00e9.<\/span><\/p>\n<p><span>Non seulement nos experts travaillent\/ont travaill\u00e9 ensemble sur de nombreux projets dans de multiples disciplines pour aborder des questions qui ont un impact sur la vie quotidienne des gens, notamment la sant\u00e9 et le bien-\u00eatre, l&rsquo;\u00e9ducation, la durabilit\u00e9, la croissance et le d\u00e9veloppement, afin de trouver des solutions qui contribuent \u00e0 rendre les communaut\u00e9s plus saines, plus prosp\u00e8res et plus s\u00fbres, mais ils ont \u00e9galement acc\u00e8s \u00e0 une vaste communaut\u00e9 de R&amp;D et de \u00ab tech \u00bb dans le domaine de la sant\u00e9 gr\u00e2ce \u00e0 des partenaires de longue date bas\u00e9s \u00e0 Londres, Munich ou Beyrouth, ainsi que dans d&rsquo;autres grandes capitales du monde.<\/span><\/p>\n<p>[\/et_pb_text][\/et_pb_column_inner][\/et_pb_row_inner][et_pb_row_inner column_structure=\u00a0\u00bb1_3,1_3,1_3&Prime; use_custom_gutter=\u00a0\u00bbon\u00a0\u00bb gutter_width=\u00a0\u00bb2&Prime; _builder_version=\u00a0\u00bb4.16&Prime; max_width=\u00a0\u00bb1440px\u00a0\u00bb custom_padding=\u00a0\u00bb45px||0px|||\u00a0\u00bb global_colors_info=\u00a0\u00bb{}\u00a0\u00bb][et_pb_column_inner type=\u00a0\u00bb1_3&Prime; saved_specialty_column_type=\u00a0\u00bb2_3&Prime; _builder_version=\u00a0\u00bb4.16&Prime; background_color=\u00a0\u00bb#ffffff\u00a0\u00bb custom_padding=\u00a0\u00bb|||\u00a0\u00bb global_colors_info=\u00a0\u00bb{}\u00a0\u00bb custom_padding__hover=\u00a0\u00bb|||\u00a0\u00bb][et_pb_image src=\u00a0\u00bbhttp:\/\/joonamp.cluster027.hosting.ovh.net\/wp-content\/uploads\/2024\/10\/Original-800_480.png\u00a0\u00bb title_text=\u00a0\u00bbOriginal-800_480&Prime; url=\u00a0\u00bbhttps:\/\/flamacon.com\/vcx-passcreator\/#s=pano10&Prime; force_fullwidth=\u00a0\u00bbon\u00a0\u00bb align_tablet=\u00a0\u00bbcenter\u00a0\u00bb align_phone=\u00a0\u00bb\u00a0\u00bb align_last_edited=\u00a0\u00bbon|desktop\u00a0\u00bb _builder_version=\u00a0\u00bb4.16&Prime; custom_margin_tablet=\u00a0\u00bb\u00a0\u00bb custom_margin_phone=\u00a0\u00bb\u00a0\u00bb custom_margin_last_edited=\u00a0\u00bbon|phone\u00a0\u00bb border_radii=\u00a0\u00bbon|8px|8px|8px|8px\u00a0\u00bb box_shadow_style=\u00a0\u00bbpreset3&Prime; box_shadow_blur=\u00a0\u00bb40px\u00a0\u00bb box_shadow_color=\u00a0\u00bbrgba(67,96,124,0.5)\u00a0\u00bb global_colors_info=\u00a0\u00bb{}\u00a0\u00bb][\/et_pb_image][et_pb_text admin_label=\u00a0\u00bbService Name\u00a0\u00bb _builder_version=\u00a0\u00bb4.18.0&Prime; text_font=\u00a0\u00bbMontserrat||||||||\u00a0\u00bb text_font_size=\u00a0\u00bb15px\u00a0\u00bb text_line_height=\u00a0\u00bb1.8em\u00a0\u00bb header_font=\u00a0\u00bb||||||||\u00a0\u00bb header_3_font=\u00a0\u00bbMontserrat||||||||\u00a0\u00bb header_3_line_height=\u00a0\u00bb1.5em\u00a0\u00bb custom_margin=\u00a0\u00bb||15px||false|false\u00a0\u00bb custom_padding=\u00a0\u00bb10px|20px|0px|20px|false|false\u00a0\u00bb text_font_size_tablet=\u00a0\u00bb\u00a0\u00bb text_font_size_phone=\u00a0\u00bb13px\u00a0\u00bb text_font_size_last_edited=\u00a0\u00bbon|phone\u00a0\u00bb header_text_align_tablet=\u00a0\u00bb\u00a0\u00bb header_text_align_phone=\u00a0\u00bbjustify\u00a0\u00bb header_text_align_last_edited=\u00a0\u00bbon|phone\u00a0\u00bb text_orientation_tablet=\u00a0\u00bb\u00a0\u00bb text_orientation_phone=\u00a0\u00bbjustified\u00a0\u00bb text_orientation_last_edited=\u00a0\u00bbon|phone\u00a0\u00bb locked=\u00a0\u00bboff\u00a0\u00bb global_colors_info=\u00a0\u00bb{}\u00a0\u00bb]<\/p>\n<h3>Id\u00e9es<\/h3>\n<p><span>Chez <strong>joonam.ai<\/strong> , nous explorons toutes les technologies qui transforment la fa\u00e7on dont les gens se soignent, s&rsquo;informent sur leur sant\u00e9, ach\u00e8tent des produits de sant\u00e9 et de bien-\u00eatre, communiquent, vivent et travaillent, font du sport ou voyagent, ou se d\u00e9placent, &#8230; <\/span><\/p>\n<p><strong>Joonam.ai<\/strong> remet en question et exploite ces perspectives et ces id\u00e9es, afin de transformer \u00e9ventuellement des id\u00e9es non conventionnelles en solutions utilisables en mati\u00e8re d&rsquo;e-sant\u00e9, de <em>self-care<\/em> et d&rsquo;autom\u00e9dication.<\/p>\n<p>[\/et_pb_text][\/et_pb_column_inner][et_pb_column_inner type=\u00a0\u00bb1_3&Prime; saved_specialty_column_type=\u00a0\u00bb2_3&Prime; _builder_version=\u00a0\u00bb4.16&Prime; background_color=\u00a0\u00bb#ffffff\u00a0\u00bb custom_padding=\u00a0\u00bb|||\u00a0\u00bb global_colors_info=\u00a0\u00bb{}\u00a0\u00bb custom_padding__hover=\u00a0\u00bb|||\u00a0\u00bb][et_pb_image src=\u00a0\u00bbhttp:\/\/joonamp.cluster027.hosting.ovh.net\/wp-content\/uploads\/2024\/10\/SMART-DATA2-800_480-copie.png\u00a0\u00bb title_text=\u00a0\u00bbSMART DATA2-800_480 copie\u00a0\u00bb force_fullwidth=\u00a0\u00bbon\u00a0\u00bb align_tablet=\u00a0\u00bbcenter\u00a0\u00bb align_phone=\u00a0\u00bb\u00a0\u00bb align_last_edited=\u00a0\u00bbon|desktop\u00a0\u00bb _builder_version=\u00a0\u00bb4.16&Prime; border_radii=\u00a0\u00bbon|8px|8px|8px|8px\u00a0\u00bb box_shadow_style=\u00a0\u00bbpreset3&Prime; box_shadow_blur=\u00a0\u00bb40px\u00a0\u00bb box_shadow_color=\u00a0\u00bbrgba(67,96,124,0.5)\u00a0\u00bb locked=\u00a0\u00bboff\u00a0\u00bb global_colors_info=\u00a0\u00bb{}\u00a0\u00bb][\/et_pb_image][et_pb_text admin_label=\u00a0\u00bbService Name\u00a0\u00bb _builder_version=\u00a0\u00bb4.18.0&Prime; text_font=\u00a0\u00bbMontserrat||||||||\u00a0\u00bb text_font_size=\u00a0\u00bb15px\u00a0\u00bb text_line_height=\u00a0\u00bb1.8em\u00a0\u00bb header_font=\u00a0\u00bb||||||||\u00a0\u00bb header_3_font=\u00a0\u00bbMontserrat||||||||\u00a0\u00bb header_3_line_height=\u00a0\u00bb1.5em\u00a0\u00bb custom_margin=\u00a0\u00bb||15px||false|false\u00a0\u00bb custom_padding=\u00a0\u00bb10px|20px|0px|20px|false|false\u00a0\u00bb text_font_size_tablet=\u00a0\u00bb\u00a0\u00bb text_font_size_phone=\u00a0\u00bb13px\u00a0\u00bb text_font_size_last_edited=\u00a0\u00bbon|phone\u00a0\u00bb header_text_align_tablet=\u00a0\u00bb\u00a0\u00bb header_text_align_phone=\u00a0\u00bbjustify\u00a0\u00bb header_text_align_last_edited=\u00a0\u00bbon|phone\u00a0\u00bb text_orientation_tablet=\u00a0\u00bb\u00a0\u00bb text_orientation_phone=\u00a0\u00bbjustified\u00a0\u00bb text_orientation_last_edited=\u00a0\u00bbon|phone\u00a0\u00bb locked=\u00a0\u00bboff\u00a0\u00bb global_colors_info=\u00a0\u00bb{}\u00a0\u00bb]<\/p>\n<h3>Connaissance<\/h3>\n<p><span>La connaissance, c&rsquo;est le changement&#8230;<\/span><\/p>\n<p><span>L&rsquo;engagement de <strong>joonam.ai <\/strong>est donc de g\u00e9n\u00e9rer des connaissances utilisables, et de tirer parti de ses capacit\u00e9s de mise en r\u00e9seau, pour soutenir et d\u00e9velopper l&rsquo;e-sant\u00e9 dans tous les secteurs, qu&rsquo;ils soient commerciaux ou universitaires, avec des r\u00e9sultats positifs et quantifiables sur les plans environnementaux, sociaux et \u00e9conomiques. <\/span><\/p>\n<p>[\/et_pb_text][\/et_pb_column_inner][et_pb_column_inner type=\u00a0\u00bb1_3&Prime; saved_specialty_column_type=\u00a0\u00bb2_3&Prime; _builder_version=\u00a0\u00bb4.16&Prime; background_color=\u00a0\u00bb#ffffff\u00a0\u00bb custom_padding=\u00a0\u00bb|||\u00a0\u00bb global_colors_info=\u00a0\u00bb{}\u00a0\u00bb custom_padding__hover=\u00a0\u00bb|||\u00a0\u00bb][et_pb_image src=\u00a0\u00bbhttp:\/\/joonamp.cluster027.hosting.ovh.net\/wp-content\/uploads\/2024\/10\/Nose1-800_480.png\u00a0\u00bb title_text=\u00a0\u00bbNose1-800_480&Prime; force_fullwidth=\u00a0\u00bbon\u00a0\u00bb align_tablet=\u00a0\u00bbcenter\u00a0\u00bb align_phone=\u00a0\u00bb\u00a0\u00bb align_last_edited=\u00a0\u00bbon|desktop\u00a0\u00bb _builder_version=\u00a0\u00bb4.16&Prime; border_radii=\u00a0\u00bbon|8px|8px|8px|8px\u00a0\u00bb box_shadow_style=\u00a0\u00bbpreset3&Prime; box_shadow_blur=\u00a0\u00bb40px\u00a0\u00bb box_shadow_color=\u00a0\u00bbrgba(67,96,124,0.5)\u00a0\u00bb locked=\u00a0\u00bboff\u00a0\u00bb global_colors_info=\u00a0\u00bb{}\u00a0\u00bb][\/et_pb_image][et_pb_text admin_label=\u00a0\u00bbService Name\u00a0\u00bb _builder_version=\u00a0\u00bb4.18.0&Prime; text_font=\u00a0\u00bbMontserrat||||||||\u00a0\u00bb text_font_size=\u00a0\u00bb15px\u00a0\u00bb text_line_height=\u00a0\u00bb1.8em\u00a0\u00bb header_font=\u00a0\u00bb||||||||\u00a0\u00bb header_3_font=\u00a0\u00bbMontserrat||||||||\u00a0\u00bb header_3_line_height=\u00a0\u00bb1.5em\u00a0\u00bb custom_margin=\u00a0\u00bb||15px||false|false\u00a0\u00bb custom_padding=\u00a0\u00bb10px|20px|0px|20px|false|false\u00a0\u00bb text_font_size_tablet=\u00a0\u00bb\u00a0\u00bb text_font_size_phone=\u00a0\u00bb13px\u00a0\u00bb text_font_size_last_edited=\u00a0\u00bbon|phone\u00a0\u00bb header_text_align_tablet=\u00a0\u00bb\u00a0\u00bb header_text_align_phone=\u00a0\u00bbjustify\u00a0\u00bb header_text_align_last_edited=\u00a0\u00bbon|phone\u00a0\u00bb text_orientation_tablet=\u00a0\u00bb\u00a0\u00bb text_orientation_phone=\u00a0\u00bbjustified\u00a0\u00bb text_orientation_last_edited=\u00a0\u00bbon|phone\u00a0\u00bb locked=\u00a0\u00bboff\u00a0\u00bb global_colors_info=\u00a0\u00bb{}\u00a0\u00bb]<\/p>\n<h3><span style=\"font-size: 22px;\">R\u00e9sultats<\/span><\/h3>\n<p>Chez <span><strong>joonam.ai,<\/strong><\/span> chacun d&rsquo;entre-nous a des ann\u00e9es d&rsquo;exp\u00e9rience internationale. Chacun de nous connait tr\u00e8s bien le monde dans lequel nous vivons, et nous sommes tous des professionnels du r\u00e9sultat. De plus, &#8230; nous avons ce que d&rsquo;autres non pas, le <em>French flair<\/em>.<\/p>\n<p><span>L&rsquo;ADN de <strong>Joonam.ai <\/strong><\/span>ce sont des r\u00e9sultats, pour nos clients, et pour nous. Mais avant tout, c&rsquo;est notre capacit\u00e9 commune et partag\u00e9e \u00e0 avoir un effet positif sur le monde dans lequel nous vivons, et celui \u00e0 venir.<\/p>\n<p>[\/et_pb_text][\/et_pb_column_inner][\/et_pb_row_inner][et_pb_row_inner _builder_version=\u00a0\u00bb4.27.0&Prime; _module_preset=\u00a0\u00bbdefault\u00a0\u00bb global_colors_info=\u00a0\u00bb{}\u00a0\u00bb][et_pb_column_inner saved_specialty_column_type=\u00a0\u00bb2_3&Prime; _builder_version=\u00a0\u00bb4.27.0&Prime; _module_preset=\u00a0\u00bbdefault\u00a0\u00bb global_colors_info=\u00a0\u00bb{}\u00a0\u00bb][et_pb_code _builder_version=\u00a0\u00bb4.27.0&Prime; _module_preset=\u00a0\u00bbdefault\u00a0\u00bb global_colors_info=\u00a0\u00bb{}\u00a0\u00bb]<script><!-- [et_pb_line_break_holder] -->    window.clustaarSettings = {<!-- [et_pb_line_break_holder] -->      bot_id: '6484022d0619a311a1333a86',<!-- [et_pb_line_break_holder] -->      bot_token: 'eyJ2YWx1ZSI6ImpOVW5JRk1fR0ltSzNYVmNzVTEyVUw1S3dxNzNBWkRUSlNZenBTSTZxN2siLCJzdWJqZWN0Ijp7InR5cGUiOiJib3QiLCJpZCI6IjY0ODQwMjJkMDYxOWEzMTFhMTMzM2E4NiJ9fQ==',<!-- [et_pb_line_break_holder] -->    };<!-- [et_pb_line_break_holder] -->    var callWebchat = function () {<!-- [et_pb_line_break_holder] -->      var w = window;<!-- [et_pb_line_break_holder] -->      var ic = w.Clustaar;<!-- [et_pb_line_break_holder] -->      if (typeof ic === 'function') {<!-- [et_pb_line_break_holder] -->        ic('reattach_activator');<!-- [et_pb_line_break_holder] -->        ic('update', clustaarSettings)<!-- [et_pb_line_break_holder] -->      } else {<!-- [et_pb_line_break_holder] -->        var d = document;<!-- [et_pb_line_break_holder] -->        var i = function () {<!-- [et_pb_line_break_holder] -->          i.c(arguments)<!-- [et_pb_line_break_holder] -->        };<!-- [et_pb_line_break_holder] -->        i.q = [];<!-- [et_pb_line_break_holder] -->        i.c = function (args) {<!-- [et_pb_line_break_holder] -->          i.q.push(args)<!-- [et_pb_line_break_holder] -->        };<!-- [et_pb_line_break_holder] -->        w.Clustaar = i;<!-- [et_pb_line_break_holder] -->        var l = function () {<!-- [et_pb_line_break_holder] -->          var s = d.createElement('script');<!-- [et_pb_line_break_holder] -->          s.type = 'text\/javascript';<!-- [et_pb_line_break_holder] -->          s.async = !0;<!-- [et_pb_line_break_holder] -->          s.src = 'https:\/\/webchat.clustaar.io\/assets\/scripts\/webchat.js';<!-- [et_pb_line_break_holder] -->          var x = d.getElementsByTagName('script')[0];<!-- [et_pb_line_break_holder] -->          x.parentNode.insertBefore(s, x)<!-- [et_pb_line_break_holder] -->        }<!-- [et_pb_line_break_holder] -->        l();<!-- [et_pb_line_break_holder] -->      }<!-- [et_pb_line_break_holder] -->    };<!-- [et_pb_line_break_holder] -->    callWebchat()<!-- [et_pb_line_break_holder] --><\/script>[\/et_pb_code][\/et_pb_column_inner][\/et_pb_row_inner][et_pb_row_inner admin_label=\u00a0\u00bbPHARMABOT CODE \u00a0\u00bb _builder_version=\u00a0\u00bb4.16&Prime; _module_preset=\u00a0\u00bbdefault\u00a0\u00bb global_colors_info=\u00a0\u00bb{}\u00a0\u00bb][et_pb_column_inner saved_specialty_column_type=\u00a0\u00bb2_3&Prime; _builder_version=\u00a0\u00bb4.16&Prime; _module_preset=\u00a0\u00bbdefault\u00a0\u00bb global_colors_info=\u00a0\u00bb{}\u00a0\u00bb][et_pb_divider show_divider=\u00a0\u00bboff\u00a0\u00bb admin_label=\u00a0\u00bbCODE CLUSTAAR &#8211; DEMO pour site SUNSITIVE-solaire-FR\u00a0\u00bb _builder_version=\u00a0\u00bb4.16&Prime; _module_preset=\u00a0\u00bbdefault\u00a0\u00bb background_color=\u00a0\u00bb#333333&Prime; height=\u00a0\u00bb2px\u00a0\u00bb global_colors_info=\u00a0\u00bb{}\u00a0\u00bb][\/et_pb_divider][\/et_pb_column_inner][\/et_pb_row_inner][\/et_pb_column][\/et_pb_section]<\/p>\n","protected":false},"excerpt":{"rendered":"<p>Start-up, jardin digital et philanthropieJoonam.ai est un groupe de start-ups \u00e9tablies \u00e0 Paris et \u00e0 Lisbonne. Nous avons \u00e9t\u00e9 cr\u00e9\u00e9s par une petite \u00e9quipe de pharmaciens, de professionnels de la sant\u00e9 et d&rsquo;experts en IA, et nous oeuvrons \u00e0 une approche interdisciplinaire de l&rsquo;IA qui rassemble divers domaines d&rsquo;int\u00e9r\u00eat et de recherche. Joonam.ai est \u00e0 [&hellip;]<\/p>\n","protected":false},"author":1,"featured_media":0,"parent":0,"menu_order":2,"comment_status":"closed","ping_status":"closed","template":"","meta":{"_et_pb_use_builder":"on","_et_pb_old_content":"","_et_gb_content_width":"","footnotes":""},"class_list":["post-232775","page","type-page","status-publish","hentry"],"_links":{"self":[{"href":"https:\/\/joonam.eu\/fr\/index.php\/wp-json\/wp\/v2\/pages\/232775","targetHints":{"allow":["GET"]}}],"collection":[{"href":"https:\/\/joonam.eu\/fr\/index.php\/wp-json\/wp\/v2\/pages"}],"about":[{"href":"https:\/\/joonam.eu\/fr\/index.php\/wp-json\/wp\/v2\/types\/page"}],"author":[{"embeddable":true,"href":"https:\/\/joonam.eu\/fr\/index.php\/wp-json\/wp\/v2\/users\/1"}],"replies":[{"embeddable":true,"href":"https:\/\/joonam.eu\/fr\/index.php\/wp-json\/wp\/v2\/comments?post=232775"}],"version-history":[{"count":12,"href":"https:\/\/joonam.eu\/fr\/index.php\/wp-json\/wp\/v2\/pages\/232775\/revisions"}],"predecessor-version":[{"id":232800,"href":"https:\/\/joonam.eu\/fr\/index.php\/wp-json\/wp\/v2\/pages\/232775\/revisions\/232800"}],"wp:attachment":[{"href":"https:\/\/joonam.eu\/fr\/index.php\/wp-json\/wp\/v2\/media?parent=232775"}],"curies":[{"name":"wp","href":"https:\/\/api.w.org\/{rel}","templated":true}]}}