{"id":232802,"date":"2024-10-03T13:47:09","date_gmt":"2024-10-03T11:47:09","guid":{"rendered":"https:\/\/joonam.eu\/index.php\/la-sante-simplement\/"},"modified":"2025-02-13T17:44:45","modified_gmt":"2025-02-13T16:44:45","slug":"la-sante-simplement","status":"publish","type":"page","link":"https:\/\/joonam.eu\/fr\/index.php\/la-sante-simplement\/","title":{"rendered":"LA SANT\u00c9, SIMPLEMENT"},"content":{"rendered":"<p>[et_pb_section fb_built=\u00a0\u00bb1&Prime; use_custom_gutter=\u00a0\u00bbon\u00a0\u00bb specialty=\u00a0\u00bbon\u00a0\u00bb use_background_color_gradient_1=\u00a0\u00bboff\u00a0\u00bb use_background_color_gradient_2=\u00a0\u00bboff\u00a0\u00bb padding_top_1=\u00a0\u00bb0px\u00a0\u00bb padding_top_2=\u00a0\u00bb80px\u00a0\u00bb padding_right_2=\u00a0\u00bb10%\u00a0\u00bb padding_bottom_2=\u00a0\u00bb0px\u00a0\u00bb padding_2_tablet=\u00a0\u00bb0px|||10%\u00a0\u00bb padding_2_phone=\u00a0\u00bb|||\u00a0\u00bb padding_2_last_edited=\u00a0\u00bbon|tablet\u00a0\u00bb admin_label=\u00a0\u00bbAbout Section\u00a0\u00bb module_id=\u00a0\u00bbla sant\u00e9\u00a0\u00bb _builder_version=\u00a0\u00bb4.18.0&Prime; inner_width=\u00a0\u00bb100%\u00a0\u00bb inner_max_width=\u00a0\u00bb100%\u00a0\u00bb custom_margin=\u00a0\u00bb|||\u00a0\u00bb custom_margin_tablet=\u00a0\u00bb80px|80px|80px|80px\u00a0\u00bb custom_margin_last_edited=\u00a0\u00bboff|desktop\u00a0\u00bb custom_padding=\u00a0\u00bb40px|0px|0px|0px||\u00a0\u00bb animation_style=\u00a0\u00bbslide\u00a0\u00bb animation_direction=\u00a0\u00bbleft\u00a0\u00bb animation_intensity_slide=\u00a0\u00bb1%\u00a0\u00bb background_last_edited=\u00a0\u00bbon|phone\u00a0\u00bb use_background_color_gradient_tablet=\u00a0\u00bboff\u00a0\u00bb use_background_color_gradient_phone=\u00a0\u00bboff\u00a0\u00bb use_custom_width=\u00a0\u00bbon\u00a0\u00bb width_unit=\u00a0\u00bboff\u00a0\u00bb custom_width_percent=\u00a0\u00bb100%\u00a0\u00bb locked=\u00a0\u00bboff\u00a0\u00bb global_colors_info=\u00a0\u00bb{}\u00a0\u00bb][et_pb_column type=\u00a0\u00bb1_3&Prime; _builder_version=\u00a0\u00bb4.16&Prime; custom_padding=\u00a0\u00bb|||\u00a0\u00bb global_colors_info=\u00a0\u00bb{}\u00a0\u00bb custom_padding__hover=\u00a0\u00bb|||\u00a0\u00bb][et_pb_image src=\u00a0\u00bbhttp:\/\/joonamp.cluster027.hosting.ovh.net\/wp-content\/uploads\/2024\/10\/JOONBI-Health-VIRGIN-800_480.png\u00a0\u00bb title_text=\u00a0\u00bbJOONBI-Health-VIRGIN-800_480&Prime; align_tablet=\u00a0\u00bbleft\u00a0\u00bb align_phone=\u00a0\u00bbleft\u00a0\u00bb align_last_edited=\u00a0\u00bbon|desktop\u00a0\u00bb _builder_version=\u00a0\u00bb4.18.0&Prime; custom_margin=\u00a0\u00bb|||\u00a0\u00bb custom_margin_tablet=\u00a0\u00bb|60px||60px\u00a0\u00bb custom_margin_phone=\u00a0\u00bb40px||||false|false\u00a0\u00bb custom_margin_last_edited=\u00a0\u00bbon|phone\u00a0\u00bb custom_padding=\u00a0\u00bb|||8px|false|false\u00a0\u00bb border_radii=\u00a0\u00bbon|8px|8px|8px|8px\u00a0\u00bb border_radii_tablet=\u00a0\u00bbon|9px|9px|9px|9px\u00a0\u00bb border_radii_phone=\u00a0\u00bbon|8px|8px|8px|8px\u00a0\u00bb border_radii_last_edited=\u00a0\u00bbon|phone\u00a0\u00bb box_shadow_style=\u00a0\u00bbpreset3&Prime; box_shadow_horizontal=\u00a0\u00bb40px\u00a0\u00bb box_shadow_vertical=\u00a0\u00bb40px\u00a0\u00bb box_shadow_blur=\u00a0\u00bb120px\u00a0\u00bb box_shadow_spread=\u00a0\u00bb-24px\u00a0\u00bb box_shadow_color=\u00a0\u00bbrgba(67,96,124,0.5)\u00a0\u00bb global_colors_info=\u00a0\u00bb{}\u00a0\u00bb][\/et_pb_image][\/et_pb_column][et_pb_column type=\u00a0\u00bb2_3&Prime; specialty_columns=\u00a0\u00bb2&Prime; _builder_version=\u00a0\u00bb4.16&Prime; custom_padding=\u00a0\u00bb|||\u00a0\u00bb global_colors_info=\u00a0\u00bb{}\u00a0\u00bb custom_padding__hover=\u00a0\u00bb|||\u00a0\u00bb][et_pb_row_inner _builder_version=\u00a0\u00bb4.16&Prime; max_width=\u00a0\u00bb800px\u00a0\u00bb min_height=\u00a0\u00bb836.8px\u00a0\u00bb custom_margin=\u00a0\u00bb|||\u00a0\u00bb custom_padding=\u00a0\u00bb0px||0px|||\u00a0\u00bb locked=\u00a0\u00bboff\u00a0\u00bb global_colors_info=\u00a0\u00bb{}\u00a0\u00bb][et_pb_column_inner saved_specialty_column_type=\u00a0\u00bb2_3&Prime; _builder_version=\u00a0\u00bb4.16&Prime; custom_padding=\u00a0\u00bb|||\u00a0\u00bb global_colors_info=\u00a0\u00bb{}\u00a0\u00bb custom_padding__hover=\u00a0\u00bb|||\u00a0\u00bb][et_pb_text admin_label=\u00a0\u00bbTitle\u00a0\u00bb _builder_version=\u00a0\u00bb4.16&Prime; text_font=\u00a0\u00bb||||||||\u00a0\u00bb header_font=\u00a0\u00bb||||||||\u00a0\u00bb header_2_font=\u00a0\u00bbMontserrat||||||||\u00a0\u00bb header_2_font_size=\u00a0\u00bb40px\u00a0\u00bb header_2_line_height=\u00a0\u00bb1.5em\u00a0\u00bb custom_margin=\u00a0\u00bb|||\u00a0\u00bb custom_padding=\u00a0\u00bb|||\u00a0\u00bb header_2_font_size_tablet=\u00a0\u00bb35px\u00a0\u00bb header_2_font_size_phone=\u00a0\u00bb35px\u00a0\u00bb header_2_font_size_last_edited=\u00a0\u00bbon|phone\u00a0\u00bb header_2_line_height_tablet=\u00a0\u00bb1em\u00a0\u00bb header_2_line_height_phone=\u00a0\u00bb1.4em\u00a0\u00bb header_2_line_height_last_edited=\u00a0\u00bboff|desktop\u00a0\u00bb global_colors_info=\u00a0\u00bb{}\u00a0\u00bb]<\/p>\n<h2>L&rsquo;e-sant\u00e9 et le <em>self-care<\/em>, simplement<\/h2>\n<p>[\/et_pb_text][et_pb_text admin_label=\u00a0\u00bbParagraph\u00a0\u00bb _builder_version=\u00a0\u00bb4.16.0&Prime; text_font=\u00a0\u00bbMontserrat||||||||\u00a0\u00bb text_font_size=\u00a0\u00bb15px\u00a0\u00bb text_line_height=\u00a0\u00bb2.2em\u00a0\u00bb header_font=\u00a0\u00bb||||||||\u00a0\u00bb custom_margin=\u00a0\u00bb0px||0px||false|false\u00a0\u00bb custom_margin_tablet=\u00a0\u00bb0px||0px||false|false\u00a0\u00bb custom_margin_phone=\u00a0\u00bb0px||0px||false|false\u00a0\u00bb custom_margin_last_edited=\u00a0\u00bbon|phone\u00a0\u00bb custom_padding=\u00a0\u00bb0px||0px||false|false\u00a0\u00bb text_font_size_tablet=\u00a0\u00bb\u00a0\u00bb text_font_size_phone=\u00a0\u00bb12px\u00a0\u00bb text_font_size_last_edited=\u00a0\u00bbon|phone\u00a0\u00bb text_orientation_tablet=\u00a0\u00bb\u00a0\u00bb text_orientation_phone=\u00a0\u00bbjustified\u00a0\u00bb text_orientation_last_edited=\u00a0\u00bbon|phone\u00a0\u00bb global_colors_info=\u00a0\u00bb{}\u00a0\u00bb]<\/p>\n<p><strong style=\"font-size: 15px;\">Plus de 50 % des Europ\u00e9ens recherchent des informations sur la sant\u00e9 sur le web, et 80 % d&rsquo;entre eux pratiquent l&rsquo;autom\u00e9dication. Mais la v\u00e9rit\u00e9 est que la plupart des gens pratiquent le <em>self-care<\/em>, et s&rsquo;auto-m\u00e9dicamentent , en devinant ou en se fiant \u00e0 leur instinct. <\/strong><strong style=\"font-size: 15px;\">Ils seront chanceux &#8230; ou pas.<\/strong><strong><\/strong><strong><\/strong><\/p>\n<p><span><\/span><\/p>\n<p>[\/et_pb_text][et_pb_text admin_label=\u00a0\u00bbParagraph\u00a0\u00bb _builder_version=\u00a0\u00bb4.16.0&Prime; text_font=\u00a0\u00bbMontserrat||||||||\u00a0\u00bb text_font_size=\u00a0\u00bb15px\u00a0\u00bb text_line_height=\u00a0\u00bb2.2em\u00a0\u00bb header_font=\u00a0\u00bb||||||||\u00a0\u00bb min_height=\u00a0\u00bb161px\u00a0\u00bb custom_margin=\u00a0\u00bb0px||0px||false|false\u00a0\u00bb custom_padding=\u00a0\u00bb0px||0px||false|false\u00a0\u00bb text_font_size_tablet=\u00a0\u00bb\u00a0\u00bb text_font_size_phone=\u00a0\u00bb14px\u00a0\u00bb text_font_size_last_edited=\u00a0\u00bbon|phone\u00a0\u00bb text_orientation_tablet=\u00a0\u00bb\u00a0\u00bb text_orientation_phone=\u00a0\u00bbjustified\u00a0\u00bb text_orientation_last_edited=\u00a0\u00bbon|phone\u00a0\u00bb global_colors_info=\u00a0\u00bb{}\u00a0\u00bb]<\/p>\n<p><strong>Joonam.ai<\/strong> s&rsquo;efforce donc de combler le d\u00e9ficit de connaissances en mati\u00e8re d&rsquo;e-sant\u00e9 et de rendre le <em>self-care<\/em>, l&rsquo;e-sant\u00e9 et l&rsquo;autom\u00e9dication plus faciles, plus transparents et plus s\u00fbrs.<\/p>\n<p>Nos \u00e9quipes cr\u00e9ent des solutions qui simplifient l&rsquo;ensemble de l&rsquo;exp\u00e9rience des personnes en mati\u00e8re de <em>self-care, <\/em>et qui transforment l&rsquo;ensemble de l&rsquo;exp\u00e9rience du self-care et de l&rsquo;autom\u00e9dication.<\/p>\n<p>&nbsp;<\/p>\n<p>[\/et_pb_text][et_pb_image src=\u00a0\u00bbhttp:\/\/joonamp.cluster027.hosting.ovh.net\/wp-content\/uploads\/2024\/10\/PHARMASEEK-pharmabots.png\u00a0\u00bb title_text=\u00a0\u00bbPHARMASEEK-pharmabots\u00a0\u00bb url=\u00a0\u00bbhttps:\/\/www.pharmaseek.eu\u00a0\u00bb align=\u00a0\u00bbcenter\u00a0\u00bb _builder_version=\u00a0\u00bb4.18.0&Prime; _module_preset=\u00a0\u00bbdefault\u00a0\u00bb width=\u00a0\u00bb75%\u00a0\u00bb width_tablet=\u00a0\u00bb60%\u00a0\u00bb width_phone=\u00a0\u00bb95%\u00a0\u00bb width_last_edited=\u00a0\u00bbon|phone\u00a0\u00bb custom_padding=\u00a0\u00bb20px||0px||false|false\u00a0\u00bb global_colors_info=\u00a0\u00bb{}\u00a0\u00bb][\/et_pb_image][\/et_pb_column_inner][\/et_pb_row_inner][et_pb_row_inner column_structure=\u00a0\u00bb1_2,1_2&Prime; make_equal=\u00a0\u00bbon\u00a0\u00bb _builder_version=\u00a0\u00bb4.16&Prime; max_width=\u00a0\u00bb800px\u00a0\u00bb custom_padding=\u00a0\u00bb0px||362px|||\u00a0\u00bb locked=\u00a0\u00bboff\u00a0\u00bb global_colors_info=\u00a0\u00bb{}\u00a0\u00bb][et_pb_column_inner type=\u00a0\u00bb1_2&Prime; saved_specialty_column_type=\u00a0\u00bb2_3&Prime; _builder_version=\u00a0\u00bb4.16&Prime; custom_padding=\u00a0\u00bb|||\u00a0\u00bb global_colors_info=\u00a0\u00bb{}\u00a0\u00bb custom_padding__hover=\u00a0\u00bb|||\u00a0\u00bb][et_pb_blurb title=\u00a0\u00bbAgents intelligents et diagnostics en ligne\u00a0\u00bb use_icon=\u00a0\u00bbon\u00a0\u00bb font_icon=\u00a0\u00bb&#xe035;||divi||400&Prime; icon_color=\u00a0\u00bb#0469be\u00a0\u00bb icon_placement=\u00a0\u00bbleft\u00a0\u00bb image_icon_width=\u00a0\u00bb32px\u00a0\u00bb content_max_width=\u00a0\u00bb100%\u00a0\u00bb admin_label=\u00a0\u00bbOnline Diagnosis\u00a0\u00bb _builder_version=\u00a0\u00bb4.18.0&Prime; header_font=\u00a0\u00bbMontserrat||||||||\u00a0\u00bb header_font_size=\u00a0\u00bb18px\u00a0\u00bb header_line_height=\u00a0\u00bb1.5em\u00a0\u00bb body_font=\u00a0\u00bbMontserrat||||||||\u00a0\u00bb body_font_size=\u00a0\u00bb15px\u00a0\u00bb body_line_height=\u00a0\u00bb1.8em\u00a0\u00bb module_alignment=\u00a0\u00bbleft\u00a0\u00bb custom_margin=\u00a0\u00bb||15px||false|false\u00a0\u00bb custom_padding=\u00a0\u00bb|0px|0px|||\u00a0\u00bb animation=\u00a0\u00bboff\u00a0\u00bb body_font_size_tablet=\u00a0\u00bb\u00a0\u00bb body_font_size_phone=\u00a0\u00bb14px\u00a0\u00bb body_font_size_last_edited=\u00a0\u00bbon|phone\u00a0\u00bb text_orientation_tablet=\u00a0\u00bbjustified\u00a0\u00bb text_orientation_phone=\u00a0\u00bbjustified\u00a0\u00bb text_orientation_last_edited=\u00a0\u00bbon|phone\u00a0\u00bb icon_font_size=\u00a0\u00bb32px\u00a0\u00bb global_colors_info=\u00a0\u00bb{}\u00a0\u00bb]<\/p>\n<p><span>Les experts de<strong>Joonam.ai <\/strong>cr\u00e9ent des <em>agents <\/em><\/span><em>intelligents<span> <\/span><\/em><span>qui sont des outils d&rsquo;e-sant\u00e9 aliment\u00e9s par l&rsquo;IA, pour apporter \u00e0 leurs utilisateurs des r\u00e9ponses pr\u00e9cises \u00e0 des questions pr\u00e9cises.<\/span><\/p>\n<p><span>Nos <em>agents <\/em><em>intelligents <\/em>g\u00e9n\u00e8rent un contenu contextuel hautement personnalis\u00e9 et <strong>permettent aux consommateurs de soins en ligne de b\u00e9n\u00e9ficier de conseils clairs, scientifiques et pertinents en mati\u00e8re de <em>self-care<\/em> et d&rsquo;autom\u00e9dication<\/strong>.<\/span><\/p>\n<p>[\/et_pb_blurb][\/et_pb_column_inner][et_pb_column_inner type=\u00a0\u00bb1_2&Prime; saved_specialty_column_type=\u00a0\u00bb2_3&Prime; _builder_version=\u00a0\u00bb4.16&Prime; custom_padding=\u00a0\u00bb|||\u00a0\u00bb global_colors_info=\u00a0\u00bb{}\u00a0\u00bb custom_padding__hover=\u00a0\u00bb|||\u00a0\u00bb][et_pb_blurb title=\u00a0\u00bbLes donn\u00e9es de sant\u00e9 et de bien-\u00eatre\u00a0\u00bb use_icon=\u00a0\u00bbon\u00a0\u00bb font_icon=\u00a0\u00bb&#xe037;||divi||400&Prime; icon_color=\u00a0\u00bb#f45721&Prime; icon_placement=\u00a0\u00bbleft\u00a0\u00bb image_icon_width=\u00a0\u00bb32px\u00a0\u00bb content_max_width=\u00a0\u00bb100%\u00a0\u00bb admin_label=\u00a0\u00bbData-driven solutions\u00a0\u00bb _builder_version=\u00a0\u00bb4.18.0&Prime; header_font=\u00a0\u00bbMontserrat||||||||\u00a0\u00bb header_line_height=\u00a0\u00bb1.5em\u00a0\u00bb body_font=\u00a0\u00bbMontserrat||||||||\u00a0\u00bb body_font_size=\u00a0\u00bb15px\u00a0\u00bb body_line_height=\u00a0\u00bb1.8em\u00a0\u00bb module_alignment=\u00a0\u00bbleft\u00a0\u00bb custom_margin=\u00a0\u00bb||15px||false|false\u00a0\u00bb custom_padding=\u00a0\u00bb|||\u00a0\u00bb animation=\u00a0\u00bboff\u00a0\u00bb body_font_size_tablet=\u00a0\u00bb\u00a0\u00bb body_font_size_phone=\u00a0\u00bb14px\u00a0\u00bb body_font_size_last_edited=\u00a0\u00bbon|phone\u00a0\u00bb text_orientation_tablet=\u00a0\u00bbleft\u00a0\u00bb text_orientation_phone=\u00a0\u00bbjustified\u00a0\u00bb text_orientation_last_edited=\u00a0\u00bbon|phone\u00a0\u00bb icon_font_size=\u00a0\u00bb32px\u00a0\u00bb global_colors_info=\u00a0\u00bb{}\u00a0\u00bb]<\/p>\n<p><span>Les \u00e9quipes de <strong>Joonam.ai <\/strong>con\u00e7oivent des solutions 100% <em>centr\u00e9es sur l&rsquo;utilisateur<\/em> pour les groupes pharmaceutiques, les marques et les distributeurs, les compagnies d&rsquo;assurance, les e-m\u00e9dias, les marques et les clubs de sport, les sites e-pharma&#8230;<\/span><\/p>\n<p><span><b>Nos solutions et nos agents intelligents <\/b><b>simplifient en temps r\u00e9el l&rsquo;ensemble de l&rsquo;exp\u00e9rience du <em>self-care<\/em> et d&rsquo;auto-m\u00e9dication de leurs clients. <\/b><\/span><\/p>\n<p>[\/et_pb_blurb][\/et_pb_column_inner][\/et_pb_row_inner][et_pb_row_inner _builder_version=\u00a0\u00bb4.16&Prime; _module_preset=\u00a0\u00bbdefault\u00a0\u00bb global_colors_info=\u00a0\u00bb{}\u00a0\u00bb][et_pb_column_inner saved_specialty_column_type=\u00a0\u00bb2_3&Prime; _builder_version=\u00a0\u00bb4.16&Prime; _module_preset=\u00a0\u00bbdefault\u00a0\u00bb global_colors_info=\u00a0\u00bb{}\u00a0\u00bb][et_pb_divider show_divider=\u00a0\u00bboff\u00a0\u00bb _builder_version=\u00a0\u00bb4.16&Prime; _module_preset=\u00a0\u00bbdefault\u00a0\u00bb background_color=\u00a0\u00bb#333333&Prime; height=\u00a0\u00bb2px\u00a0\u00bb global_colors_info=\u00a0\u00bb{}\u00a0\u00bb][\/et_pb_divider][\/et_pb_column_inner][\/et_pb_row_inner][et_pb_row_inner admin_label=\u00a0\u00bbPHARMASEEK BOT\u00a0\u00bb _builder_version=\u00a0\u00bb4.18.0&Prime; _module_preset=\u00a0\u00bbdefault\u00a0\u00bb global_colors_info=\u00a0\u00bb{}\u00a0\u00bb][et_pb_column_inner saved_specialty_column_type=\u00a0\u00bb2_3&Prime; _builder_version=\u00a0\u00bb4.16.0&Prime; _module_preset=\u00a0\u00bbdefault\u00a0\u00bb global_colors_info=\u00a0\u00bb{}\u00a0\u00bb][et_pb_code admin_label=\u00a0\u00bbCODE CLUSTAAR &#8211; DEMO pour site PHARMASEEK AntiAge-EN\u00a0\u00bb _builder_version=\u00a0\u00bb4.26.1&Prime; _module_preset=\u00a0\u00bbdefault\u00a0\u00bb global_colors_info=\u00a0\u00bb{}\u00a0\u00bb]<script><!-- [et_pb_line_break_holder] -->    window.clustaarSettings = {<!-- [et_pb_line_break_holder] -->      bot_id: '62287b6e909aa40035282646',<!-- [et_pb_line_break_holder] -->      bot_token: 'eyJ2YWx1ZSI6ImN5WElZV01FVkRxc3p6V1hpVWNtQ0FTc0pmX1FOMDduYWNCTU56RWFTS0EiLCJzdWJqZWN0Ijp7InR5cGUiOiJib3QiLCJpZCI6IjYyMjg3YjZlOTA5YWE0MDAzNTI4MjY0NiJ9fQ==',<!-- [et_pb_line_break_holder] -->    };<!-- [et_pb_line_break_holder] -->    var callWebchat = function () {<!-- [et_pb_line_break_holder] -->      var w = window;<!-- [et_pb_line_break_holder] -->      var ic = w.Clustaar;<!-- [et_pb_line_break_holder] -->      if (typeof ic === 'function') {<!-- [et_pb_line_break_holder] -->        ic('reattach_activator');<!-- [et_pb_line_break_holder] -->        ic('update', clustaarSettings)<!-- [et_pb_line_break_holder] -->      } else {<!-- [et_pb_line_break_holder] -->        var d = document;<!-- [et_pb_line_break_holder] -->        var i = function () {<!-- [et_pb_line_break_holder] -->          i.c(arguments)<!-- [et_pb_line_break_holder] -->        };<!-- [et_pb_line_break_holder] -->        i.q = [];<!-- [et_pb_line_break_holder] -->        i.c = function (args) {<!-- [et_pb_line_break_holder] -->          i.q.push(args)<!-- [et_pb_line_break_holder] -->        };<!-- [et_pb_line_break_holder] -->        w.Clustaar = i;<!-- [et_pb_line_break_holder] -->        var l = function () {<!-- [et_pb_line_break_holder] -->          var s = d.createElement('script');<!-- [et_pb_line_break_holder] -->          s.type = 'text\/javascript';<!-- [et_pb_line_break_holder] -->          s.async = !0;<!-- [et_pb_line_break_holder] -->          s.src = 'https:\/\/webchat.clustaar.io\/assets\/scripts\/webchat.js';<!-- [et_pb_line_break_holder] -->          var x = d.getElementsByTagName('script')[0];<!-- [et_pb_line_break_holder] -->          x.parentNode.insertBefore(s, x)<!-- [et_pb_line_break_holder] -->        }<!-- [et_pb_line_break_holder] -->        l();<!-- [et_pb_line_break_holder] -->      }<!-- [et_pb_line_break_holder] -->    };<!-- [et_pb_line_break_holder] -->    callWebchat()<!-- [et_pb_line_break_holder] --><\/script>[\/et_pb_code][\/et_pb_column_inner][\/et_pb_row_inner][\/et_pb_column][\/et_pb_section]<\/p>\n","protected":false},"excerpt":{"rendered":"<p>L&rsquo;e-sant\u00e9 et le self-care, simplementPlus de 50 % des Europ\u00e9ens recherchent des informations sur la sant\u00e9 sur le web, et 80 % d&rsquo;entre eux pratiquent l&rsquo;autom\u00e9dication. Mais la v\u00e9rit\u00e9 est que la plupart des gens pratiquent le self-care, et s&rsquo;auto-m\u00e9dicamentent , en devinant ou en se fiant \u00e0 leur instinct. Ils seront chanceux &#8230; ou [&hellip;]<\/p>\n","protected":false},"author":1,"featured_media":0,"parent":0,"menu_order":3,"comment_status":"closed","ping_status":"closed","template":"","meta":{"_et_pb_use_builder":"on","_et_pb_old_content":"","_et_gb_content_width":"","footnotes":""},"class_list":["post-232802","page","type-page","status-publish","hentry"],"_links":{"self":[{"href":"https:\/\/joonam.eu\/fr\/index.php\/wp-json\/wp\/v2\/pages\/232802","targetHints":{"allow":["GET"]}}],"collection":[{"href":"https:\/\/joonam.eu\/fr\/index.php\/wp-json\/wp\/v2\/pages"}],"about":[{"href":"https:\/\/joonam.eu\/fr\/index.php\/wp-json\/wp\/v2\/types\/page"}],"author":[{"embeddable":true,"href":"https:\/\/joonam.eu\/fr\/index.php\/wp-json\/wp\/v2\/users\/1"}],"replies":[{"embeddable":true,"href":"https:\/\/joonam.eu\/fr\/index.php\/wp-json\/wp\/v2\/comments?post=232802"}],"version-history":[{"count":9,"href":"https:\/\/joonam.eu\/fr\/index.php\/wp-json\/wp\/v2\/pages\/232802\/revisions"}],"predecessor-version":[{"id":232816,"href":"https:\/\/joonam.eu\/fr\/index.php\/wp-json\/wp\/v2\/pages\/232802\/revisions\/232816"}],"wp:attachment":[{"href":"https:\/\/joonam.eu\/fr\/index.php\/wp-json\/wp\/v2\/media?parent=232802"}],"curies":[{"name":"wp","href":"https:\/\/api.w.org\/{rel}","templated":true}]}}